{"id":174,"date":"2025-09-22T15:15:08","date_gmt":"2025-09-22T15:15:08","guid":{"rendered":"https:\/\/homini.com.pe\/home\/?page_id=174"},"modified":"2025-10-06T23:10:48","modified_gmt":"2025-10-06T23:10:48","slug":"equipo","status":"publish","type":"page","link":"https:\/\/homini.com.pe\/home\/index.php\/equipo\/","title":{"rendered":"Equipo"},"content":{"rendered":"\n\n\n\n<p>\u00a0<span style=\"color:#ffffff;\">Conoce a<span style=\"\"> <\/span>nuestro equipo<\/span><\/p>\n\n\n\n\n\n\n\n\n\n\n<p>\u00a0<span style=\"color:#ffffff;\">JORGE VERGARA GUERRA<br><span style=\"letter-spacing: normal; text-decoration-style: initial; color: rgb(255, 255, 255);\">DIRECTOR MAG.<\/span><\/span><span style=\"letter-spacing: normal; text-decoration-style: initial;\"><\/span><\/p>\n\n\n\n<p style=\"text-align: justify; color: rgb(255, 255, 255);\">Consultor internacional. Especialista en dise\u00f1o,\nimplementaci\u00f3n y administraci\u00f3n de proyectos\nde liderazgo, formaci\u00f3n y desarrollo humano y\ntransformaci\u00f3n cultural. Consultor externo de la\nSociedad Nacional de Industria\nHa dado m\u00e1s de 1000 conferencias y cursos en\ntoda am\u00e9rica a empresas e instituciones\ndurante 15 a\u00f1os.\nExperiencia como supervisor y director del \u00c1rea Comercial y de atenci\u00f3n al cliente durante m\u00e1s\nde 15 a\u00f1os (Argentina y Per\u00fa)\nMaster in Leadership and Organizational\nDevelopment with Coaching and Neuroscience\u201d\n(ICF).\nCoach Profesional de Alto Nivel por EIDHI\nInternational University de Estados Unidos.\nExecutive Master\u00b4s in Leadership Skills\nDeveloped\nEstudios de la Felicidad en Happiness Studies y\nmagister en Ciencias para la familia por la\nUniversidad de M\u00e1laga, Espa\u00f1a.<\/p>\n\n\n\n\n\n\n\n<p>\u00a0LUIS ENRIQUE VALLE-RIESTRA<\/p>\n\n<p style=\"text-align: justify;\"><span style=\"color:#000000;\">Director Gerente de Valle-Riestra y Asociados y\nconsultor senior con m\u00e1s de 25 a\u00f1os de\nexperiencia profesional, de los cuales 15 a\u00f1os\nha estado dedicado a la consultor\u00eda en\nestrategia, operaciones y tecnolog\u00eda.\nAsesorando a empresas l\u00edderes de los sectores\nde banca y finanzas, construcci\u00f3n, medios,\ncomercio exterior, retail, miner\u00eda y\ntelecomunicaciones. Asimismo, en la gesti\u00f3n de\nBPO\u00b4s y proyectos tecnol\u00f3gicos complejos.\nLuis Enrique Valle-Riestra es Bachiller en\nIngenier\u00eda Electr\u00f3nica, con una Maestr\u00eda en\nDirecci\u00f3n de Empresas \u2013 MBA del PAD\nUniversidad de Piura. Posee especializaci\u00f3n en\nautomatizaci\u00f3n industrial y administraci\u00f3n de\nproyectos en Chile, y capacitaci\u00f3n computacional\nen Estados Unidos y M\u00e9xico<\/span><\/p>\n\n\n\n\n\n\n\n\n\n\n\n<p>\u00a0<span style=\"color:#ffffff;\">KATHYA ELIZABETH RIVERA<\/span><br><\/p>\n\n<p style=\"text-align: justify; color: rgb(255, 255, 255);\">Licenciatura en psicolog\u00eda de la Universidad\nAIU- EEUU.\nLicenciatura en Orientaci\u00f3n Familiar\nUniversidad AUSTRAL- ARGENTINA.\nCoach laboralista de Axon Training\nConferencista hace m\u00e1s de 15 a\u00f1os en el\n\u00e1rea de desarrollo personal y empresarial,\ntrabajando en la Empresa Capacitadora\nHomini Training\nHe desarrollado a trav\u00e9s de mi experiencia\ncursos enfocados al desarrollo personal,\ncreando el curso \u201cREDISE\u00d1A TU VIDA\u201d.\nHa capacitado a emprendedores en\nM\u00e9xico, Bolivia, Argentina.<\/p>\n\n\n\n\n\n\n\nNancy Quiroz\n<p style=\"text-align: justify; \n;\">Expositora: Mg. Nancy Quiroz Bravo\nDirectora del ar\u00e9a de formaci\u00f3n y\ncapacitaci\u00f3n de la empresa Filaldelfia\nInternacional SAC. Conferenciante\n(Desarrollo personal, Liderazgo, \u00e9tica y\ncultura de las organizaciones).<br>\nMagister en Gobierno de organizaciones\nPAD-MGO, universidad de Piura.<br>\nCertificada en Etiqueta y Protocolo\nProfesional, en IITTI International Soft Skills\nCoach Ontol\u00f3gico por la CENTRUM-PUCP\nContadora P\u00fablica Colegiada.<\/p>\n\n\n","protected":false},"excerpt":{"rendered":"","protected":false},"author":1,"featured_media":0,"parent":0,"menu_order":0,"comment_status":"closed","ping_status":"closed","template":"","meta":{"pagelayer_contact_templates":[],"_pagelayer_content":"","_joinchat":[],"footnotes":""},"class_list":["post-174","page","type-page","status-publish","hentry"],"_links":{"self":[{"href":"https:\/\/homini.com.pe\/home\/index.php\/wp-json\/wp\/v2\/pages\/174","targetHints":{"allow":["GET"]}}],"collection":[{"href":"https:\/\/homini.com.pe\/home\/index.php\/wp-json\/wp\/v2\/pages"}],"about":[{"href":"https:\/\/homini.com.pe\/home\/index.php\/wp-json\/wp\/v2\/types\/page"}],"author":[{"embeddable":true,"href":"https:\/\/homini.com.pe\/home\/index.php\/wp-json\/wp\/v2\/users\/1"}],"replies":[{"embeddable":true,"href":"https:\/\/homini.com.pe\/home\/index.php\/wp-json\/wp\/v2\/comments?post=174"}],"version-history":[{"count":3,"href":"https:\/\/homini.com.pe\/home\/index.php\/wp-json\/wp\/v2\/pages\/174\/revisions"}],"predecessor-version":[{"id":407,"href":"https:\/\/homini.com.pe\/home\/index.php\/wp-json\/wp\/v2\/pages\/174\/revisions\/407"}],"wp:attachment":[{"href":"https:\/\/homini.com.pe\/home\/index.php\/wp-json\/wp\/v2\/media?parent=174"}],"curies":[{"name":"wp","href":"https:\/\/api.w.org\/{rel}","templated":true}]}}