{"id":52,"date":"2025-09-08T20:59:13","date_gmt":"2025-09-08T20:59:13","guid":{"rendered":"https:\/\/homini.com.pe\/home\/index.php\/home\/"},"modified":"2025-10-06T22:55:37","modified_gmt":"2025-10-06T22:55:37","slug":"home","status":"publish","type":"page","link":"https:\/\/homini.com.pe\/home\/","title":{"rendered":"Home"},"content":{"rendered":"\n\n\n<h4>SOBRE NOSOTROS<\/h4>\n\n<p>Somos una consultora internacional especializada en desarrollar personas, equipos y culturas en el \u00e1mbito empresarial. Nuestro equipo de especialistas es tu aliado estrat\u00e9gico para lograr una transformaci\u00f3n sostenible.<\/p>\n\n<h2><\/h2>\n\n\n\n\n\n\n\n<h2>NUESTRA METODOLOGIA<\/h2>\n\n\n<p>Nuestra metodolog\u00eda se inspira en el modelo <strong data-start=\"1534\" data-end=\"1543\">SPIRE<\/strong>, que potencia un desarrollo integral: <strong data-start=\"1582\" data-end=\"1641\">Espiritual, F\u00edsica, Intelectual, Relacional y Emocional<\/strong>.<\/p>\n\n\n\n\n<h4>NUESTROS SERVICIOS<\/h4>\n<h2>Que ofrecemos<\/h2>\n\n\n\n\n\n\n\n\n\n\n\n\n\n\n\n<h4>TESTIMONIOS DE CLIENTES<\/h4>\n<h2>QUE DICEN SOBRE NOSOTROS<\/h2>\n\n\n\n\n<span style=\"color:#000000;\">\u00abEl programa de Liderazgo y Coaching alineado a la Cultura fue exitoso y profesional.\u00bb<\/span>\n\n\n<span style=\"color:#000000;\">Jorge inspir\u00f3 a nuestro equipo a vivir los valores y trabajar con \u00e9tica y compromiso.<\/span>\n\n\n<span style=\"color:#000000;\">\u00abM\u00e1s que conceptos, impuls\u00f3 valores, habilidades y trabajo en equipo aplicables al d\u00eda a d\u00eda.\u00bb<\/span>\n\n\n\n\n\n<h2>\u00bfListo para acelerar el crecimiento de tu equipo ?<\/h2>\n\n\n\n\n\n\n","protected":false},"excerpt":{"rendered":"","protected":false},"author":1,"featured_media":0,"parent":0,"menu_order":0,"comment_status":"closed","ping_status":"closed","template":"","meta":{"pagelayer_contact_templates":[],"_pagelayer_content":"","_joinchat":[],"footnotes":""},"class_list":["post-52","page","type-page","status-publish","hentry"],"_links":{"self":[{"href":"https:\/\/homini.com.pe\/home\/index.php\/wp-json\/wp\/v2\/pages\/52","targetHints":{"allow":["GET"]}}],"collection":[{"href":"https:\/\/homini.com.pe\/home\/index.php\/wp-json\/wp\/v2\/pages"}],"about":[{"href":"https:\/\/homini.com.pe\/home\/index.php\/wp-json\/wp\/v2\/types\/page"}],"author":[{"embeddable":true,"href":"https:\/\/homini.com.pe\/home\/index.php\/wp-json\/wp\/v2\/users\/1"}],"replies":[{"embeddable":true,"href":"https:\/\/homini.com.pe\/home\/index.php\/wp-json\/wp\/v2\/comments?post=52"}],"version-history":[{"count":22,"href":"https:\/\/homini.com.pe\/home\/index.php\/wp-json\/wp\/v2\/pages\/52\/revisions"}],"predecessor-version":[{"id":401,"href":"https:\/\/homini.com.pe\/home\/index.php\/wp-json\/wp\/v2\/pages\/52\/revisions\/401"}],"wp:attachment":[{"href":"https:\/\/homini.com.pe\/home\/index.php\/wp-json\/wp\/v2\/media?parent=52"}],"curies":[{"name":"wp","href":"https:\/\/api.w.org\/{rel}","templated":true}]}}