{"id":53,"date":"2025-09-08T20:59:13","date_gmt":"2025-09-08T20:59:13","guid":{"rendered":"https:\/\/homini.com.pe\/home\/index.php\/services\/"},"modified":"2025-09-24T21:54:51","modified_gmt":"2025-09-24T21:54:51","slug":"servicios","status":"publish","type":"page","link":"https:\/\/homini.com.pe\/home\/index.php\/servicios\/","title":{"rendered":"Servicios"},"content":{"rendered":"\n\n\n<p>Lorem Ipsum has been the industry&#8217;s standard dummy text ever since the 1500s.<\/p>\n\n\n<h4>\u00bfC\u00f3mo te ayudamos?<\/h4>\n<p>Dise\u00f1amos programas de formaci\u00f3n y transformaci\u00f3n que impulsan a personas, equipos y organizaciones hacia un desarrollo sostenible.<\/p>\n\n\n\n\n\n\n\n\n\n\n\n\n\n\n\n\n\n\n\n\n<h4><strong><\/strong>01 TRANSFORMACI\u00d3N&nbsp;<span style=\"color:#000000;\">PERSONAL<\/span> <\/h4>\n\n\n\n\n\n\n\n\n\n\n\n\n\n\n\n\n\n\n\n\n\n\n\n\n\n\n\n\n\n\n\n\n\n\n\n\n\n\n\n\n\n\n\n\n\n\n\n<p style=\"text-align: justify;\">En el entorno empresarial actual, la transformaci\u00f3n personal de los colaboradores es clave para alcanzar el \u00e9xito organizacional. <br><br>Desde el desarrollo de habilidades hasta la gesti\u00f3n efectiva del talento, acompa\u00f1amos a tu empresa en cada etapa para potenciar el capital humano y lograr resultados sostenibles.<br><br>Conf\u00eda en nuestra experiencia para transformar el potencial de tus personas en resultados estrat\u00e9gicos. Juntos, impulsamos el desarrollo que tu empresa necesita para estar siempre un paso adelante.<\/p>\n<p style=\"text-align: justify;\">\n<\/p>\n\n\n<h4>PROGRAMA<\/h4>\n\n\n\n\n<p style=\"text-align: justify;\"><span style=\"color:#b00909ff;\">Enfoque integral:<\/span> Trabajamos no solo en competencias t\u00e9cnicas, sino tambi\u00e9n en el crecimiento emocional y liderazgo personal de cada colaborador.<\/p>\n<p style=\"text-align: justify;\"><span style=\"color:#b00909ff;\">Programas Personalizados:&nbsp;<\/span>\nDise\u00f1amos planes adaptados a la cultura y objetivos espec\u00edficos de tu organizaci\u00f3n.<\/p>\n<p style=\"text-align: justify;\"><span style=\"color:#b00909ff;\">Mejora Continua:<\/span> Facilitamos procesos de aprendizaje y desarrollo cont\u00ednuo que impulsan la productividad y motivaci\u00f3n del equipo.<\/p>\n<p style=\"text-align: justify;\"><span style=\"color:#b00909ff;\">Alineaci\u00f3n estrat\u00e9gica:<\/span> Garantizamos que el crecimiento personal se traduzca en aportes concretos para el cumplimiento de metas empresariales.<\/p>\n\n\n\n\n\n\n<p style=\"text-align: justify;\"><span style=\"color:#e60000;\">&nbsp;\u2192<\/span> Equipos m\u00e1s comprometidos y resilientes frente a los cambios.<\/p><p style=\"text-align: justify;\"><span style=\"color:#e60000;\">&nbsp;\u2192<\/span>  Incremento en la capacidad de adaptaci\u00f3n y soluci\u00f3n de problemas.<\/p>\n<p style=\"text-align: justify;\"><span style=\"color:#e60000;\">&nbsp;\u2192<\/span> Reducci\u00f3n de rotaci\u00f3n y aumento del sentido de pertenencia.<\/p><p style=\"text-align: justify;\"><span style=\"color:#e60000;\">&nbsp;\u2192<\/span> Fortalecimiento de la cultura organizacional basada en valores y prop\u00f3sito.<\/p>\n\n\n\n\n\n\n<p style=\"text-align: justify;\">La transformaci\u00f3n requiere una metodolog\u00eda simple, algo con lo que frecuentemente tropiezan las grandes empresas debido a su tendencia a optar por soluciones complejas\ny, en segundo lugar, la aut\u00e9ntica transformaci\u00f3n empresarial empieza por la transformaci\u00f3n de sus l\u00edderes. <\/p><p style=\"text-align: justify;\">\nPero no nos referimos a cambios cosm\u00e9ticos, sino al desarrollo de competencias, a la creaci\u00f3n de buenos h\u00e1bitos y a la construcci\u00f3n del car\u00e1cter que se requiere para asumir responsabilidades de liderazgo. \nSobre esto, mi formaci\u00f3n antropol\u00f3gica me ha ayudado a ir m\u00e1s all\u00e1 \ny ver a todo ser humano en forma m\u00e1s profunda y \ncon un gran respeto, por su alta dignidad.<\/p>\n\n\n\n\n\n\n<p style=\"text-align: justify;\"><span style=\"color:#e60000;\">&nbsp;\u2192<\/span> Cada persona es protagonista de su desarrollo. No es una responsabilidad delegable.<br><span style=\"color:#e60000;\">&nbsp;\u2192<\/span>  El rol del coach o mentor es acompa\u00f1ar a identificar retos de desarrollo y a aterrizarlos, \ny darles un seguimiento disciplinado.<br><span style=\"color:#e60000;\">&nbsp;\u2192<\/span> Las tres responsabilidades de un l\u00edder son la estrategia, el desarrollo de personas                                                               y la operaci\u00f3n del d\u00eda a d\u00eda.<br><span style=\"color:#e60000;\">&nbsp;\u2192<\/span>  Hay dos indicadores inequ\u00edvocos de que est\u00e1s delante de un l\u00edder: hace coaching o mentoring y da feedback.<br><span style=\"color:#e60000;\">&nbsp;\u2192<\/span>  La transformaci\u00f3n personal es un proceso de desarrollo de h\u00e1bitos y de construcci\u00f3n del car\u00e1cter.<br><span style=\"color:#e60000;\">&nbsp;\u2192<\/span>  La calidad de tu dieta intelectual determina tu nivel de liderazgo.<br><span style=\"color:#e60000;\">&nbsp;\u2192<\/span>  El autodesarrollo requiere una metodolog\u00eda simple.<br><span style=\"color:#e60000;\">&nbsp;\u2192<\/span>  El autodesarrollo se acelera cuando se gestiona de modo colaborativo.<br><span style=\"color:#e60000;\">&nbsp;\u2192<\/span> En la evaluaci\u00f3n de los programas de desarrollo es m\u00e1s relevante medir el impacto en los participantes que su satisfacci\u00f3n con el facilitador.<br><span style=\"color:#e60000;\">&nbsp;\u2192<\/span>  La transformaci\u00f3n duele.<\/p>\n\n\n\n\n\n\n\n\n<p style=\"text-align: justify;\"><strong><span style=\"color:#b00909ff;\">1\u00aa Etapa: Metodolog\u00eda Cabeza \u2013 Coraz\u00f3n:\n<\/strong><br><strong>&nbsp;<span style=\"color:#b00909ff;\">Servir :<br>\n<\/strong><span style=\"color:#e60000;\">&nbsp;\u2192<\/span> Liderazgo basado en el servicio a los dem\u00e1s.<br><span style=\"color:#e60000;\">&nbsp;\u2192<\/span> El arte de demostrar un inter\u00e9s sincero en las dem\u00e1s personas.<br>\n<strong>&nbsp;<span style=\"color:#b00909ff;\">Formar :&nbsp;<\/strong><br><span style=\"color:#e60000;\">&nbsp;\u2192<\/span> El arte de motivar y exigirles.<br>&#8211; Liderarse para liderar.<br>\n<strong>&nbsp;<span style=\"color:#b00909ff;\">Crecer :<\/strong><br><span style=\"color:#e60000;\">&nbsp;\u2192<\/span> Los l\u00edderes cumplen sus promesas.&nbsp;<br><span style=\"color:#e60000;\">&nbsp;\u2192<\/span> Contratamos gente de acuerdo a la cultura de la Empresa. <br>\n<strong>&nbsp;<span style=\"color:#b00909ff;\">Dar resultados:<\/strong><br><span style=\"color:#e60000;\">&nbsp;\u2192<\/span> Manejamos el negocio de forma competente. <br><span style=\"color:#e60000;\">&nbsp;\u2192<\/span> Dirigir el negocio de forma honesta y \u00e9tica.<\/p>\n<p style=\"text-align: justify;\"><strong><span style=\"color:#b00909ff\">2\u00aa Etapa: MANOS \u2013 Autodesarrollo y Proceso de Coaching:<\/strong><\/p><p style=\"text-align: justify;\"><strong><span style=\"color:#b00909ff;\">Autodesarrollo:<\/strong>&nbsp;Basado en 10 principios y h\u00e1bitos at\u00f3micos.<br><strong><span style=\"color:#b00909ff;\">Proceso de Coaching Acompa\u00f1amiento estructurado:&nbsp;<\/strong>Sesiones personales y grupales (40 min), semanales al inicio, luego quincenales.\nFeedback&nbsp; permanente y evaluaci\u00f3n de avances.\nColaboraci\u00f3n en grupo: reuniones virtuales mensuales para acelerar el autodesarrollo.\n<br><strong><span style=\"color:#b00909ff;\">Objetivos principales para sesiones de coaching (Presenciales\/ virtuales)\n:<\/strong>\nConsolidar conductas alineadas a la cultura de liderazgo en servicio.&nbsp; Ayudar a definir el prop\u00f3sito personal y alinearlo con el de la empresa.\nAtender al l\u00edder de forma integral (modelo SPIRE de Tal Ben-Shahar).\nFormar l\u00edderes que se conviertan en l\u00edderes-coach de sus equipos.<\/p>\n\n\n\n\n\n\n\n\n<h4>02 TRANSFORMACI\u00d3N <span style=\"color:#000000;\">CULTURAL<\/span><\/h4>\n\n\n\n\n\n\n\n\n\n\n\n\n\n\n\n\n\n\n\n\n\n\n\n\n\n\n\n\n\n\n\n\n\n\n\n\n\n\n\n\n\n\n\n\n\n\n\n<p style=\"text-align: center;\"><strong><em>\u201cTransforma tu organizaci\u00f3n con una cultura sostenible\u201d<\/em><\/strong><\/p><p style=\"text-align: justify;\"><br>Una cultura bien dise\u00f1ada, luego interiorizada y gestionada es garant\u00eda de sostenibilidad para una organizaci\u00f3n.<br><br>Beneficios r\u00e1pidos:<br><span style=\"color:#e60000;\">&nbsp;\u2192<\/span> Cultura alineada con prop\u00f3sito.<br><span style=\"color:#e60000;\">&nbsp;\u2192<\/span> Equipos cohesionados y motivados.<br><span style=\"color:#e60000;\">&nbsp;\u2192<\/span> Desarrollo humano y organizacional sostenible.<\/p>\n\n\n\n\n<p style=\"text-align: justify;\"><strong><\/strong><\/p>\n<p style=\"text-align: center;\"><strong><em>\u201cTransforma tu organizaci\u00f3n con una cultura sostenible\u201d<\/em><\/strong><\/p><p style=\"text-align: justify;\"><br>Una cultura bien dise\u00f1ada, luego interiorizada y gestionada es garant\u00eda de sostenibilidad para una organizaci\u00f3n.<br><br>Beneficios r\u00e1pidos:<br><span style=\"color:#e60000;\">&nbsp;\u2192<\/span> Cultura alineada con prop\u00f3sito.<br><span style=\"color:#e60000;\">&nbsp;\u2192<\/span> Equipos cohesionados y motivados.<br><span style=\"color:#e60000;\">&nbsp;\u2192<\/span> Desarrollo humano y organizacional sostenible.<\/p>\n\n\n\n\n\n\n\n\n\n\n\n\n\n\n\n\n\n\n\n\n\n\n\n\n\n\n\n\n\n\n\n\n\n\n\n\n\n\n\n\n\n\n\n\n\n\n<h4>PROGRAMA<\/h4>\n<span style=\"color:#000000;\">Una metodolog\u00eda pr\u00e1ctica para diagnosticar, dise\u00f1ar y desplegar una cultura organizacional basada en prop\u00f3sito, valores y cuidado de las personas.<br><br><\/span>\n\n\n\n\n<p style=\"text-align: justify;\">\n<span style=\"color:#b00909ff;\">&nbsp;<\/span><span style=\"color:#b00909ff;\"><span style=\"\">\u2192&nbsp;<\/span><span style=\"color:#000000;\">Garant\u00eda de sostenibilidad empresarial.<\/span><br>\n<span style=\"color:#b00909ff;\">&nbsp;<\/span><span style=\"color:#b00909ff;\"><span style=\"\">\u2192&nbsp;<\/span><span style=\"color:#000000;\">Fortalece el liderazgo.<\/span><br>\n<span style=\"color:#b00909ff;\">&nbsp;<\/span><span style=\"color:#b00909ff;\"><span style=\"\">\u2192&nbsp;<\/span><span style=\"color:#000000;\">Aumenta la motivaci\u00f3n y el compromiso del equipo.<\/span><\/span><\/span><\/span><\/p>\n\n\n\n\n\n\n<p style=\"text-align: justify;\"><strong style=\"color: #b00909ff;\">Fase 1 \u2013 Diagn\u00f3stico Cultural:<\/strong><br><\/span><span style=\"color:#b00909ff;\">&nbsp;<\/span><span style=\"color:#b00909ff;\">&nbsp;<\/span><span style=\"color:#b00909ff;\"><span style=\"\">\u2192<\/span>Reuni\u00f3n con directivos y RR.HH.&nbsp;<span style=\"color:#b00909ff;\"><br>&nbsp;<\/span><span style=\"color:#b00909ff;\"><span style=\"\">\u2192<\/span> <\/span>Evaluaci\u00f3n de misi\u00f3n, valores y m\u00e9tricas.<\/p><p style=\"text-align: justify;\"><span style=\"color:#e60000;\">&nbsp;<\/span><span style=\"color:#b00909ff;\"><span style=\"\">\u2192<\/span>&nbsp;<\/span>Definici\u00f3n del L\u00edder de Misi\u00f3n y Equipo de Visi\u00f3n.<\/p><p style=\"text-align: justify;\"><strong>\n\n<span style=\"color: #b00909ff;\">Fase 2 \u2013 Trabajo con L\u00edderes y Visi\u00f3n:<\/span><\/strong><br><span style=\"color:#b00909ff;\">&nbsp;\u2192<\/span>&nbsp;Preparaci\u00f3n del liderazgo.<\/p><p style=\"text-align: justify;\">&nbsp;<span style=\"color:#b00909ff;\">\u2192<\/span>&nbsp;Modelo de madurez de implantaci\u00f3n.<\/p><p style=\"text-align: justify;\">&nbsp;<span style=\"color:#b00909ff;\">\u2192<\/span>&nbsp;Talleres de prop\u00f3sito, valores y comportamientos.<\/p><p style=\"text-align: justify;\"><strong>\n\n<span style=\"color: #b00909ff;\">Fase 3 \u2013 Equipo de Cuidado de las Personas:<\/span><\/strong><br>&nbsp;<span style=\"color:#b00909ff;\">\u2192<\/span>&nbsp;Roadmap de desarrollo humano.<\/p><p style=\"text-align: justify;\">&nbsp;<span style=\"color:#b00909ff;\">\u2192<\/span>&nbsp;Kickoff y plan de comunicaci\u00f3n.<\/p><p style=\"text-align: justify;\">&nbsp;<span style=\"color:#b00909ff;\">\u2192<\/span>&nbsp;Coaching grupal con el Modelo de Tribus.<\/p><p style=\"text-align: justify;\"><strong>\n\n<span style=\"color: #b00909ff;\">Fase 4 \u2013 Despliegue con Mandos y Colaboradores:<\/span><\/strong><br>&nbsp;<span style=\"color:#b00909ff;\">\u2192<\/span>&nbsp;Sesiones virtuales y presenciales.<\/p><p style=\"text-align: justify;\">&nbsp;<span style=\"color:#b00909ff;\">\u2192<\/span>&nbsp;Din\u00e1mica de tribus y planes de autodesarrollo.<br>&nbsp;<span style=\"color:#b00909ff;\">\u2192<\/span>&nbsp;Reuniones de reconocimiento y premiaci\u00f3n.<\/p>\n\n\n\n\n\n\n<p style=\"text-align: justify;\"><p style=\"text-align: justify;\">&nbsp;<span style=\"color:#dc3545ff;\"><span style=\"\">\u2192<\/span> <\/span> Modelo de Madurez del Prop\u00f3sito (IESE).\n<br>&nbsp;<span style=\"color:#dc3545ff;\"><span style=\"\">\u2192<\/span> <\/span>Matriz de Desarrollo Humano.\n<br>&nbsp;<span style=\"color:#dc3545ff;\"><span style=\"\">\u2192<\/span> <\/span> Modelo de Tribus (din\u00e1micas colectivas, h\u00e1bitos, motivaci\u00f3n y reconocimiento).<\/p><\/p>\n\n\n\n\n\n\n<p style=\"text-align: justify;\">\u201cM\u00e1s de 1000 conferencias y consultor\u00edas en Am\u00e9rica.\u201d<\/p>\n\n\n\n\n\n\n\n\n<h4>03 CONFERENCIAS, CURSOS, <span style=\"color:#000000;\">WORKSHOPS Y FULL DAYS<\/span><\/h4>\n\n\n\n\n\n\n\n\n\n\n\n\n\n\n\n\n\n\n\n\n\n\n\n\n\n\n\n\n\n\n\n\n\n\n\n\n\n\n\n\n\n\n\n\n\n\n\n<p style=\"text-align: justify;\"><strong style=\"color: rgb(176, 9, 9);\">Conferencias:<\/strong> Espacios inspiradores que transmiten ideas de alto impacto para despertar conciencia, motivar y generar reflexi\u00f3n.\nCursos: Procesos estructurados de aprendizaje con metodolog\u00edas pr\u00e1cticas y recursos que fortalecen conocimientos y competencias clave.<br><strong>\n<span style=\"color:#b00909ff;\">Workshops: <\/span><\/strong>Talleres interactivos que conectan a los participantes con experiencias vivenciales, din\u00e1micas y colaborativas, impulsando la transformaci\u00f3n pr\u00e1ctica.<br><strong>\n<span style=\"color:#b00909ff;\">Full Days:<\/span> <\/strong>Jornadas completas de inmersi\u00f3n que combinan aprendizaje, pr\u00e1ctica y reflexi\u00f3n profunda, generando cambios sostenibles en personas y equipos.<\/p>\n\n\n<h4>TEMAS<\/h4>\n\n\n\n\n<p style=\"text-align: justify;\"><span style=\"color:#e60000;\">&nbsp;\u2192<\/span> Mega competencias para un buen liderazgo.<br>\n<span style=\"color:#e60000;\">&nbsp;\u2192<\/span> Liderar equipos de alto rendimiento.<br>\n<span style=\"color:#e60000;\">&nbsp;\u2192<\/span> para Liderar.<br>\n<span style=\"color:#e60000;\">&nbsp;\u2192<\/span> 10 principios del autodesarrollo. <br><span style=\"color:#e60000;\">&nbsp;\u2192<\/span> Valores y h\u00e1bitos: Ladrillos del \u00e9xito\nVolver al prop\u00f3sito personal y empresarial.<br>\n<span style=\"color:#e60000;\">&nbsp;\u2192<\/span> Barreras emocionales que dificultan mi liderazgo.<br>\n<span style=\"color:#e60000;\">&nbsp;\u2192<\/span> Autoridad y disciplina.<br>\n<span style=\"color:#e60000;\">&nbsp;\u2192<\/span> Negociar con eficacia.\n<\/p>\n\n\n\n\n\n\n<p style=\"text-align: justify;\"><span style=\"color:#e60000;\">&nbsp;\u2192<\/span> Comunicaci\u00f3n efectiva.<br>\n<span style=\"color:#e60000;\">&nbsp;\u2192<\/span> Trabajo en equipo.<br>\n<span style=\"color:#e60000;\">&nbsp;\u2192<\/span> Resoluci\u00f3n de conflictos.<br>\n<span style=\"color:#e60000;\">&nbsp;\u2192<\/span> C\u00f3mo aprender a tratar con personalidades dif\u00edciles.<br>\n<span style=\"color:#e60000;\">&nbsp;\u2192<\/span> Resentimiento y las buenas relaciones.<br>\n<span style=\"color:#e60000;\">&nbsp;\u2192<\/span> C\u00f3mo lograr equilibrio emocional.<br>\n<span style=\"color:#e60000;\">&nbsp;\u2192<\/span> Recomendaciones para potenciar tu rendimiento cerebral.<br>\n<span style=\"color:#e60000;\">&nbsp;\u2192<\/span> Conciliaci\u00f3n Trabajo Familia.<br>\n<span style=\"color:#e60000;\">&nbsp;\u2192<\/span> Atenci\u00f3n al cliente y dise\u00f1o de experiencia de servicios.<br>\n<span style=\"color:#e60000;\">&nbsp;\u2192<\/span> Gesti\u00f3n del cambio.<br><\/p>\n\n\n\n\n\n\n","protected":false},"excerpt":{"rendered":"","protected":false},"author":1,"featured_media":0,"parent":0,"menu_order":0,"comment_status":"closed","ping_status":"closed","template":"","meta":{"pagelayer_contact_templates":[],"_pagelayer_content":"","_joinchat":[],"footnotes":""},"class_list":["post-53","page","type-page","status-publish","hentry"],"_links":{"self":[{"href":"https:\/\/homini.com.pe\/home\/index.php\/wp-json\/wp\/v2\/pages\/53","targetHints":{"allow":["GET"]}}],"collection":[{"href":"https:\/\/homini.com.pe\/home\/index.php\/wp-json\/wp\/v2\/pages"}],"about":[{"href":"https:\/\/homini.com.pe\/home\/index.php\/wp-json\/wp\/v2\/types\/page"}],"author":[{"embeddable":true,"href":"https:\/\/homini.com.pe\/home\/index.php\/wp-json\/wp\/v2\/users\/1"}],"replies":[{"embeddable":true,"href":"https:\/\/homini.com.pe\/home\/index.php\/wp-json\/wp\/v2\/comments?post=53"}],"version-history":[{"count":133,"href":"https:\/\/homini.com.pe\/home\/index.php\/wp-json\/wp\/v2\/pages\/53\/revisions"}],"predecessor-version":[{"id":347,"href":"https:\/\/homini.com.pe\/home\/index.php\/wp-json\/wp\/v2\/pages\/53\/revisions\/347"}],"wp:attachment":[{"href":"https:\/\/homini.com.pe\/home\/index.php\/wp-json\/wp\/v2\/media?parent=53"}],"curies":[{"name":"wp","href":"https:\/\/api.w.org\/{rel}","templated":true}]}}